{"id":257,"date":"2016-09-06T05:54:08","date_gmt":"2016-09-06T05:54:08","guid":{"rendered":"http:\/\/pearlthemes.com\/theme\/medicalguide\/?page_id=257"},"modified":"2019-02-05T14:30:42","modified_gmt":"2019-02-05T14:30:42","slug":"nosotros","status":"publish","type":"page","link":"https:\/\/restrepocomercial.com\/?page_id=257","title":{"rendered":"Nosotros"},"content":{"rendered":"<p>[vc_row container=&#8221;true&#8221; css=&#8221;.vc_custom_1474001646517{padding-top: 0px !important;padding-bottom: 55px !important;}&#8221;][vc_column]    <div class=\"container\">\n        <div class=\"main-title \">\n\t\t\t<h2>Expertos en <strong>Salud Visual<\/strong><\/h2>        <\/div>\n    <\/div>\n\t[vc_row_inner css=&#8221;.vc_custom_1474026161945{padding-right: 15px !important;padding-left: 15px !important;}&#8221;][vc_column_inner width=&#8221;5\/12&#8243;][vc_single_image image=&#8221;711&#8243; img_size=&#8221;large&#8221; alignment=&#8221;center&#8221;][\/vc_column_inner][vc_column_inner width=&#8221;7\/12&#8243;][vc_column_text]<\/p>\n<h3><strong>Nuestra promesa de valor<\/strong><\/h3>\n<p>Elevar la calidad de vida y el bienestar de los pacientes en lo que respecta al cuidado de su visi\u00f3n, permiti\u00e9ndoles desarrollar sus actividades cotidianas con total naturalidad: ejercicio f\u00edsico, deportes, interacci\u00f3n familiar, social y de negocios.<\/p>\n<p>Abasteciendo a m\u00e1s de 2,700 \u00f3pticas a nivel nacional, hoy trabajamos con 2,300 profesionales de la visi\u00f3n que cuidan la salud ocular de millones de colombianos.<\/p>\n<p>Nuestro alto nivel de servicio se fundamenta en la amplia red de distribuci\u00f3n, la infraestructura tecnol\u00f3gica que la soporta y la eficiencia y calidez de nuestro equipo humano que nos han llevado a ser hoy los m\u00e1s reconocidos distribuidores a nivel nacional.[\/vc_column_text][\/vc_column_inner][\/vc_row_inner][\/vc_column][\/vc_row][vc_row disable_element=&#8221;yes&#8221; container=&#8221;true&#8221; css=&#8221;.vc_custom_1545833661140{padding-top: 90px !important;padding-bottom: 55px !important;background-color: #222222 !important;}&#8221;][vc_column]            <ul class=\"pearl-list-one columns\">\n\t\t\t\t<li><span>Vanguardia<\/span><\/li><li><span>Tecnolog\u00eda<\/span><\/li><li><span>Servicio<\/span><\/li><li><span>Acompa\u00f1amiento<\/span><\/li><li><span>Puntualidad<\/span><\/li><li><span>Respaldo<\/span><\/li><li><span>Capacitaci\u00f3n<\/span><\/li><li><span>Garant\u00eda<\/span><\/li>            <\/ul>\n\t\t\t\n\t\t    <div class=\"container\">\n        <div class=\"main-title white-color\">\n\t\t\t<h2>Aliados <strong>Ideales<\/strong><\/h2><p>Estas son algunas de las razones por las que nuestros clientes nos prefieren.<\/p>        <\/div>\n    <\/div>\n\t[vc_row_inner][vc_column_inner width=&#8221;1\/3&#8243;]    <div class=\"col-md-12 static-service\">\n\t\t                <div class=\"services-sec-four dark clearfix\">\n\n\t\t\t\t\t                        <div class=\"icon\">\n\t\t\t\t\t\t\t<i class=\"icon-ambulanc\"><\/i>                        <\/div>\n\t\t\t\t\t\t                    <div class=\"detail\">\n\t\t\t\t\t\t<h6>Cobertura total<\/h6><p>Contamos con una capacidad de distribuci\u00f3n y red \u00fanica y propia. As\u00ed garantizamos pronta y cumplida entrega.<\/p>                    <\/div>\n\n                <\/div>\n\t\t\t\t    <\/div>\n\t    <div class=\"col-md-12 static-service\">\n\t\t                <div class=\"services-sec-four dark clearfix\">\n\n\t\t\t\t\t                        <div class=\"icon\">\n\t\t\t\t\t\t\t<i class=\"icon-doctor\"><\/i>                        <\/div>\n\t\t\t\t\t\t                    <div class=\"detail\">\n\t\t\t\t\t\t<h6>Acompa\u00f1amiento experto<\/h6><p>Contamos con un equipo de expertos que lo capacitar\u00e1n e informar\u00e1n constantemente acerca de los mejores productos disponibles.<\/p>                    <\/div>\n\n                <\/div>\n\t\t\t\t    <\/div>\n\t[\/vc_column_inner][vc_column_inner width=&#8221;1\/3&#8243;]    <div class=\"col-md-12 static-service\">\n\t\t                <div class=\"services-sec-four dark clearfix\">\n\n\t\t\t\t\t                        <div class=\"icon\">\n\t\t\t\t\t\t\t<i class=\"icon-gears\"><\/i>                        <\/div>\n\t\t\t\t\t\t                    <div class=\"detail\">\n\t\t\t\t\t\t<h6>Infraestructura tecnol\u00f3gica<\/h6><p>Contamos con los m\u00e1s avanzados sistemas y plataformas disponibles para agilizar sus procesos y reducir los errores.<\/p>                    <\/div>\n\n                <\/div>\n\t\t\t\t    <\/div>\n\t    <div class=\"col-md-12 static-service\">\n\t\t                <div class=\"services-sec-four dark clearfix\">\n\n\t\t\t\t\t                        <div class=\"icon\">\n\t\t\t\t\t\t\t<i class=\"icon-checkmark3\"><\/i>                        <\/div>\n\t\t\t\t\t\t                    <div class=\"detail\">\n\t\t\t\t\t\t<h6>Respaldo<\/h6><p>Contamos con la representaci\u00f3n de XX marcas. Estas son algunas de las m\u00e1s reconocidas a nivel mundial garantizando la mejor calidad.<\/p>                    <\/div>\n\n                <\/div>\n\t\t\t\t    <\/div>\n\t[\/vc_column_inner][vc_column_inner width=&#8221;1\/3&#8243;]    <div class=\"col-md-12 static-service\">\n\t\t                <div class=\"services-sec-four dark clearfix\">\n\n\t\t\t\t\t                        <div class=\"icon\">\n\t\t\t\t\t\t\t<i class=\"icon-price-ribbon\"><\/i>                        <\/div>\n\t\t\t\t\t\t                    <div class=\"detail\">\n\t\t\t\t\t\t<h6>Experiencia<\/h6><p>Con m\u00e1s de XX a\u00f1os en mercado, nos hemos consolidad como l\u00edderes lo cual se transforma en garant\u00eda para sus operaciones.<\/p>                    <\/div>\n\n                <\/div>\n\t\t\t\t    <\/div>\n\t    <div class=\"col-md-12 static-service\">\n\t\t                <div class=\"services-sec-four dark clearfix\">\n\n\t\t\t\t\t                        <div class=\"icon\">\n\t\t\t\t\t\t\t<i class=\"icon-eye\"><\/i>                        <\/div>\n\t\t\t\t\t\t                    <div class=\"detail\">\n\t\t\t\t\t\t<h6>Visi\u00f3n<\/h6><p>Avanzamos con la tecnolog\u00eda. Desarrollamos plataformas propias ideales para que sus operaciones y ordenamiento sean de la mayor eficiencia posibles.<\/p>                    <\/div>\n\n                <\/div>\n\t\t\t\t    <\/div>\n\t[\/vc_column_inner][\/vc_row_inner][\/vc_column][\/vc_row][vc_row disable_element=&#8221;yes&#8221; container=&#8221;true&#8221; css=&#8221;.vc_custom_1545833688516{padding-top: 90px !important;padding-bottom: 0px !important;}&#8221;][vc_column width=&#8221;1\/2&#8243;]    <div class=\"container\">\n        <div class=\"main-title \">\n\t\t\t<h2>Nuestra <strong>cobertura<\/strong><\/h2><p>Contamos con distribuci\u00f3n a nivel nacional.<\/p>        <\/div>\n    <\/div>\n\t        <div class=\"owl-carousel services-slide\">\n\t\t\t<div class=\"item\"><img decoding=\"async\" src=\"https:\/\/restrepocomercial.com\/wp-content\/uploads\/2016\/08\/service-two-img1-1.jpg\" alt=\"service-two-img1\"><\/div><div class=\"item\"><img decoding=\"async\" src=\"https:\/\/restrepocomercial.com\/wp-content\/uploads\/2016\/08\/service-two-img2-1.jpg\" alt=\"service-two-img2\"><\/div><div class=\"item\"><img decoding=\"async\" src=\"https:\/\/restrepocomercial.com\/wp-content\/uploads\/2016\/08\/service-two-img7-1.jpg\" alt=\"service-two-img7\"><\/div>\n        <\/div>\n\t\t[\/vc_column][vc_column width=&#8221;1\/2&#8243;]    <div class=\"container\">\n        <div class=\"main-title \">\n\t\t\t<h2>Nuestras <strong>marcas<\/strong><\/h2><p>Estas son las marcas que representamos a nivel nacional<\/p>        <\/div>\n    <\/div>\n\t[vc_row_inner][vc_column_inner width=&#8221;1\/2&#8243;][vc_single_image image=&#8221;438&#8243; alignment=&#8221;center&#8221;][vc_single_image image=&#8221;440&#8243; alignment=&#8221;center&#8221;][vc_single_image image=&#8221;443&#8243; alignment=&#8221;center&#8221;][\/vc_column_inner][vc_column_inner width=&#8221;1\/2&#8243;][vc_single_image image=&#8221;439&#8243; alignment=&#8221;center&#8221;][vc_single_image image=&#8221;441&#8243; alignment=&#8221;center&#8221;][\/vc_column_inner][\/vc_row_inner][\/vc_column][\/vc_row]<\/p>\n","protected":false},"excerpt":{"rendered":"<p>[vc_row container=&#8221;true&#8221; css=&#8221;.vc_custom_1474001646517{padding-top: 0px !important;padding-bottom: 55px !important;}&#8221;][vc_column][vc_row_inner css=&#8221;.vc_custom_1474026161945{padding-right: 15px !important;padding-left: 15px !important;}&#8221;][vc_column_inner width=&#8221;5\/12&#8243;][vc_single_image image=&#8221;711&#8243; img_size=&#8221;large&#8221; alignment=&#8221;center&#8221;][\/vc_column_inner][vc_column_inner width=&#8221;7\/12&#8243;][vc_column_text] Nuestra promesa de valor Elevar la calidad de vida y el bienestar de los pacientes en lo que respecta al cuidado de su visi\u00f3n, permiti\u00e9ndoles desarrollar sus actividades cotidianas con total naturalidad: ejercicio f\u00edsico, deportes, interacci\u00f3n familiar, social y de negocios. Abasteciendo a m\u00e1s de 2,700 \u00f3pticas a nivel nacional, hoy trabajamos con 2,300 profesionales de la visi\u00f3n que cuidan la salud ocular de millones de colombianos. Nuestro alto nivel de servicio se fundamenta en la amplia red de distribuci\u00f3n, la infraestructura tecnol\u00f3gica que la soporta y la eficiencia y calidez de nuestro equipo humano que nos han llevado a ser hoy los m\u00e1s reconocidos distribuidores a nivel nacional.[\/vc_column_text][\/vc_column_inner][\/vc_row_inner][\/vc_column][\/vc_row][vc_row disable_element=&#8221;yes&#8221; container=&#8221;true&#8221; css=&#8221;.vc_custom_1545833661140{padding-top: 90px !important;padding-bottom: 55px !important;background-color: #222222 !important;}&#8221;][vc_column][vc_row_inner][vc_column_inner width=&#8221;1\/3&#8243;][\/vc_column_inner][vc_column_inner width=&#8221;1\/3&#8243;][\/vc_column_inner][vc_column_inner width=&#8221;1\/3&#8243;][\/vc_column_inner][\/vc_row_inner][\/vc_column][\/vc_row][vc_row disable_element=&#8221;yes&#8221; container=&#8221;true&#8221; css=&#8221;.vc_custom_1545833688516{padding-top: 90px !important;padding-bottom: 0px !important;}&#8221;][vc_column width=&#8221;1\/2&#8243;][\/vc_column][vc_column width=&#8221;1\/2&#8243;][vc_row_inner][vc_column_inner width=&#8221;1\/2&#8243;][vc_single_image image=&#8221;438&#8243; alignment=&#8221;center&#8221;][vc_single_image image=&#8221;440&#8243; alignment=&#8221;center&#8221;][vc_single_image image=&#8221;443&#8243; alignment=&#8221;center&#8221;][\/vc_column_inner][vc_column_inner width=&#8221;1\/2&#8243;][vc_single_image image=&#8221;439&#8243; alignment=&#8221;center&#8221;][vc_single_image image=&#8221;441&#8243; alignment=&#8221;center&#8221;][\/vc_column_inner][\/vc_row_inner][\/vc_column][\/vc_row]<\/p>\n","protected":false},"author":2,"featured_media":0,"parent":0,"menu_order":0,"comment_status":"closed","ping_status":"closed","template":"page-templates\/fluid-width.php","meta":{"_exactmetrics_skip_tracking":false,"_exactmetrics_sitenote_active":false,"_exactmetrics_sitenote_note":"","_exactmetrics_sitenote_category":0,"footnotes":""},"class_list":["post-257","page","type-page","status-publish","hentry"],"_links":{"self":[{"href":"https:\/\/restrepocomercial.com\/index.php?rest_route=\/wp\/v2\/pages\/257","targetHints":{"allow":["GET"]}}],"collection":[{"href":"https:\/\/restrepocomercial.com\/index.php?rest_route=\/wp\/v2\/pages"}],"about":[{"href":"https:\/\/restrepocomercial.com\/index.php?rest_route=\/wp\/v2\/types\/page"}],"author":[{"embeddable":true,"href":"https:\/\/restrepocomercial.com\/index.php?rest_route=\/wp\/v2\/users\/2"}],"replies":[{"embeddable":true,"href":"https:\/\/restrepocomercial.com\/index.php?rest_route=%2Fwp%2Fv2%2Fcomments&post=257"}],"version-history":[{"count":0,"href":"https:\/\/restrepocomercial.com\/index.php?rest_route=\/wp\/v2\/pages\/257\/revisions"}],"wp:attachment":[{"href":"https:\/\/restrepocomercial.com\/index.php?rest_route=%2Fwp%2Fv2%2Fmedia&parent=257"}],"curies":[{"name":"wp","href":"https:\/\/api.w.org\/{rel}","templated":true}]}}